{"id":5534,"date":"2017-01-20T14:25:58","date_gmt":"2017-01-20T13:25:58","guid":{"rendered":"http:\/\/sprachacademy.de\/integrationskurse\/"},"modified":"2018-01-02T12:49:33","modified_gmt":"2018-01-02T11:49:33","slug":"integration-courses","status":"publish","type":"page","link":"https:\/\/sprachacademy.de\/en\/integration-courses\/","title":{"rendered":"Integration courses"},"content":{"rendered":"<div id=\"pl-5534\"  class=\"panel-layout\" ><div id=\"pg-5534-0\"  class=\"panel-grid panel-no-style\" ><div id=\"pgc-5534-0-0\"  class=\"panel-grid-cell\" ><div id=\"panel-5534-0-0-0\" class=\"so-panel widget widget_black-studio-tinymce widget_black_studio_tinymce panel-first-child\" data-index=\"0\" ><div class=\"textwidget\"><h2><span style=\"color: #800000;\">Integrationskurse werden <u>\u00fcber unseren<\/u> Tr\u00e4ger\u00a0<u>Fusion Bildung e.V.<\/u> angeboten<\/span><\/h2>\n<\/div><\/div><div id=\"panel-5534-0-0-1\" class=\"so-panel widget widget_tab panel-last-child\" data-index=\"1\" ><div class=\"thim-widget-tab template-tab\">\n<ul class=\"nav nav-tabs\" role=\"tablist\"><li role=\"presentation\" class='active tab-col-4'><a href=\"#thim-widget-tab-11776769282-1-20\"  role=\"tab\" data-toggle=\"tab\">Ziele der Integrationskurse<\/a><\/li><li role=\"presentation\" class='tab-col-4'><a href=\"#thim-widget-tab-21776769282-1-20\"  role=\"tab\" data-toggle=\"tab\">Inhalt und Ablauf<\/a><\/li><li role=\"presentation\" class='tab-col-4'><a href=\"#thim-widget-tab-31776769282-1-20\"  role=\"tab\" data-toggle=\"tab\">F\u00fcr Neuzuwanderer sowie teilnahmeverpflichtete Altzuwanderer<\/a><\/li><li role=\"presentation\" class='tab-col-4'><a href=\"#thim-widget-tab-41776769282-1-20\"  role=\"tab\" data-toggle=\"tab\">F\u00fcr Asylbewerber<\/a><\/li><\/ul><div class=\"tab-content\"> <div role=\"tabpanel\" class=\"tab-pane active\" id=\"thim-widget-tab-11776769282-1-20\"><p><strong>Warum sollte ich Deutsch lernen?<\/strong>\n<p> - Wenn Sie in Deutschland leben m\u00f6chten.\n<br>\n<br>- Wenn Sie Arbeit suchen, Antr\u00e4ge ausf\u00fcllen m\u00fcssen, Ihre Kinder in der Schule unterst\u00fctzen oder neue Menschen kennen\n<FONT COLOR=\"white\">----<\/FONT>lernen m\u00f6chten.\n<br>\n<br> - Teilhabe an der deutschen Kultur.\n<br>\n<br> - Allein f\u00fcr die Einb\u00fcrgerung ist das erfolgreiche Absolvieren des Sprachniveaus A2\/B1 Bedingung. <br> \n<br> \n<br> \n<br> Zust\u00e4ndig f\u00fcr die Entwicklung und Durchf\u00fchrung der Integrationskurse ist das <a href=\"http:\/\/www.bamf.de\/DE\/Startseite\/startseite-node.html\">Bundesamt f\u00fcr Migration und Fl\u00fcchtlinge<\/a>. Es f\u00fchrt die Integrationskurse in Zusammenarbeit mit <a href=\"http:\/\/www.berlin.de\/labo\/willkommen-in-berlin\/\">Ausl\u00e4nderbeh\u00f6rden<\/a>, dem <a href=\"http:\/\/www.bva.bund.de\/DE\/Themen\/themen-node.html\">Bundesverwaltungsamt<\/a>, Kommunen, Migrationsdiensten und <a href=\"http:\/\/service.berlin.de\/jobcenter\/\">Tr\u00e4gern der Grundsicherung f\u00fcr Arbeitssuchende<\/a> durch und gew\u00e4hrleistet ein ausreichendes Kursangebot.<br>\n<br>\n<br>\n\n<br><strong>Ziele der Integrationskurse<\/strong><br>\n<br>- die F\u00f6rderung der Integration von Migranten und Migrantinnen im Sinne gesellschaftlicher Teilhabe und <br>\n<FONT COLOR=\"white\">--<\/FONT>Chancengleichheit<br>\n<br>- die Vermittlung ausreichender Sprachkenntnisse zum Sprachniveau B1 als Basis f\u00fcr die berufliche, soziale, kulturelle und <FONT COLOR=\"white\">--<\/FONT>gesellschaftliche Integration<br>\n<br>- das Zurechtfinden in der Gesellschaft und f\u00f6rdern des positiven Umgangs mit der neuen Lebenswirklichkeit<br>\n<br>- die Vermittlung der Kultur, Geschichte und Demokratie Deutschlands<br>\n<br>\n<br>\n<br><strong>Der Integrationskurs besteht aus<\/strong><br>\n<br>- dem Sprachkurs mit 600 Unterrichtseinheiten und Teilnahme am Deutsch-Test f\u00fcr Zuwander und<br>\n<br>- dem Orientierungskurs mit 100 Unterrichtseinheiten und der Teilnahme an dem Test \u201cLeben in Deutschland\u201d.<br>\n<br>\n<br>\n<br><strong>Zertifikat Integrationskurs<\/strong><br>\n<br>Am Ende des Sprachkurses und des Orientierungskurses m\u00fcssen Sie jeweils eine Pr\u00fcfung ablegen. Wenn Sie beide Pr\u00fcfungen bestehen, erhalten Sie das \u201cZertifikat Integrationskurs\u201d.<\/p>\n<\/div> <div role=\"tabpanel\" class=\"tab-pane\" id=\"thim-widget-tab-21776769282-1-20\"><p>Seit 2005 gibt es in der Bundesrepublik Deutschland ein neues Gesetz, das ausl\u00e4ndische Mitb\u00fcrger unter bestimmten Voraussetzungen berechtigt, einen kostenlosen Integrationskurs zu beantragen. Diese Kurse werden vom Bundesamt f\u00fcr Migration und Fl\u00fcchtlinge (BAMF) gef\u00f6rdert.\n<br>\n<br>Der allgemeine Integrationskurs umfasst insgesamt 700 Unterrichtseinheiten. Den ersten Teil, bestehend aus 600 Unterrichtseinheiten, bildet der Sprachkurs. Im Anschluss daran besuchen Sie den Orientierungskurs, der aus den restlichen 100 Unterrichtseinheiten besteht.<br>\n<br>\n<strong><u>Ziel:<\/strong><\/u>\n<br>\n<strong>Erwerb des Sprachniveaus B1:<\/strong> Das Kursziel ist erreicht, wenn sich ein Kursteilnehmer im t\u00e4glichen Leben selbstst\u00e4ndig sprachlich zurechtfinden und sich schriftlich ausdr\u00fccken kann.<\/p><\/div> <div role=\"tabpanel\" class=\"tab-pane\" id=\"thim-widget-tab-31776769282-1-20\"><span style=\"font-size:36px\">Integrationskurs f\u00fcr Neuzuwanderer sowie teilnahmeverpflichtete Altzuwanderer<\/span><\/br>\n<br><\/br>\n\n<p><strong>Anmeldung zum Integrationskurs.<\/strong>\n<br>\n<br>Wenn Sie zur Teilnahme an einem Integrationskurs berechtigt oder verpflichtet sind, erhalten Sie hier\u00fcber eine schriftliche Best\u00e4tigung (Berechtigungsschein) von der Ausl\u00e4nderbeh\u00f6rde oder der f\u00fcr das Arbeitslosengeld II zust\u00e4ndigen Stelle. Gleichzeitig erhalten Sie auch eine Liste der Kurstr\u00e4ger, die in der N\u00e4he Ihres Wohnortes Integrationskurse durchf\u00fchren.<br>\n\n<br>Bitte melden Sie sich so bald wie m\u00f6glich bei einem Kurstr\u00e4ger an und legen ihm den Berechtigungsschein vor. Wenn im Berechtigungsschein unter \u201eDie Teilnahmeberechtigung bzw. die Teilnahmeverpflichtung ist g\u00fcltig bis\u2026\u201c ein Datum steht, dann k\u00f6nnen bzw. m\u00fcssen Sie sich bis sp\u00e4testens zu diesem Zeitpunkt bei einem Kurstr\u00e4ger anmelden.<br>\n<br>\n<br><strong>Kosten des Integrationskurses<\/strong><br>\n\n<br>Eine Kursstunde wird mit 3,90 Euro je TeilnehmerIn f\u00fcr den allgemeinen Integrationskurs verg\u00fctet. Sie beteiligen sich mit 1,95 Euro an jeder Unterrichtsstunde, das BAMF \u00fcbernimmt die restlichen Kosten. Bei einer Stundenanzahl von 700 Unterrichtseinheiten entsteht f\u00fcr Sie somit ein Eigenanteil in H\u00f6he von 1365,00 Euro.<br>\n\n<br>Wenn Sie <u>Arbeitslosengeld II<\/u> oder <u>Sozialhilfe<\/u> erhalten oder f\u00fcr Sie die Zahlung des Kostenbeitrages eine <u>besondere H\u00e4rte<\/u> darstellt, wird eine Einkommenspr\u00fcfung durchgef\u00fchrt und Sie k\u00f6nnen vom <u>Kostenbeitrag befreit<\/u> werden.<br>\n\n<br><u>F\u00fcr eine Einkommenspr\u00fcfung werden folgende Unterlagen ben\u00f6tigt:<\/u>\n<br>- Mietvertrag\n<br>- Abschlagsrechnung der Stadtwerke (Strom und Gas)\n<br>- Einkommensnachweise aller im Haushalt lebenden Personen (jeweils die 3 letzten Verdienstbescheinigungen)\n<br>- Anzahl und Alter der Kinder\n<br>- Eventuelle Unterhaltszahlungen\n<br>- Nebeneink\u00fcnfte\n<br>\n<br><FONT COLOR=\"darkblue\">Eine Zulassung zum Integrationskurs mit Kostenbefreiung sowie das Anmeldeformular muss schriftlich beantragt werden und kann bei uns gestellt werden.<\/FONT>\n<br>\n<br>Nehmen Sie erfolgreich am Abschlusstest teil, kann Ihnen das Bundesamt 50 % der gezahlten Kursgeb\u00fchr zur\u00fcckerstatten. Vorausgesetzt,\ndass Sie nach dem 08.12.2007 erfolgreich am Abschlusstest teilgenommen haben. Erst dann kann Ihnen das Bundesamt 50 % des gezahlten Kostenbeitrags zur\u00fcck bezahlen. Dies gilt aber nur, wenn zwischen dem Ausstellen Ihrer Teilnahmeberechtigung und dem Abschlusstest nicht mehr als zwei Jahre vergangen sind. F\u00fcr die R\u00fcckerstattung m\u00fcssen Sie bei der zust\u00e4ndigen Regionalstelle des Bundesamtes einen Antrag stellen.<br>\n<br>\n<br><strong>Fahrtkosten<\/strong><br>\n\n<br>Wenn Sie an einem Integrationskurs teilnehmen und Arbeitslosengeld II oder Sozialhilfe beziehen, k\u00f6nnen Ihnen die Fahrtkosten erstattet werden, sofern sie notwendig sind.\n<br>\n<br>Das gilt auch, wenn Sie vom Kostenbeitrag f\u00fcr den Integrationskurs befreit wurden. Voraussetzung hierf\u00fcr ist, dass Sie ordnungsgem\u00e4\u00df am Integrationskurs teilnehmen.<\/p><\/div> <div role=\"tabpanel\" class=\"tab-pane\" id=\"thim-widget-tab-41776769282-1-20\"><span style=\"font-size:36px\">Integrationskurs f\u00fcr Asylbewerber\n<br><FONT COLOR=\"white\"><\/FONT>(Syrien, Irak, Iran und Eritrea)<\/span><\/br>\n<br><\/br>\n\n<p><strong><FONT COLOR=\"darkred\">Die Teilnahme am Kurs ist f\u00fcr Sie kostenlos.<\/FONT><\/strong>\n<br>\n<br><u>Alle Information:<\/u>\n<br>\n<br><a href=\"http:\/\/www.bamf.de\/SharedDocs\/Anlagen\/DE\/Downloads\/Infothek\/Integrationskurse\/Kursteilnehmer\/Merkblaetter\/630-121_merkblatt-oeffnung-Integrationskurse.pdf;jsessionid=FF1BFC6F5EE648F643850E5AB53EB1E9.1_cid294?__blob=publicationFile\">Deutsch<\/a>\n<FONT COLOR=\"white\">----------12345678910<\/FONT><a href=\"http:\/\/www.bamf.de\/SharedDocs\/Anlagen\/EN\/Downloads\/Infothek\/Integrationskurse\/Kursteilnehmer\/MerkblaetterAuslaender\/630-121_merkblatt-oeffnung-Integrationskurse_englisch.pdf;jsessionid=FF1BFC6F5EE648F643850E5AB53EB1E9.1_cid294?__blob=publicationFile\">Englisch<\/a>\n<FONT COLOR=\"white\">----------12345678910<\/FONT><a href=\"http:\/\/www.bamf.de\/SharedDocs\/Anlagen\/DE\/Downloads\/Infothek\/Integrationskurse\/Kursteilnehmer\/Merkblaetter\/630-121_merkblatt-oeffnung-Integrationskurse_franzoesisch.pdf;jsessionid=FF1BFC6F5EE648F643850E5AB53EB1E9.1_cid294?__blob=publicationFile\">Franz\u00f6sisch<\/a>\n<FONT COLOR=\"white\">----------12345678910<a href=\"http:\/\/www.bamf.de\/SharedDocs\/Anlagen\/DE\/Downloads\/Infothek\/Integrationskurse\/Kursteilnehmer\/Merkblaetter\/630-121_merkblatt-oeffnung-Integrationskurse_arabisch.pdf;jsessionid=FF1BFC6F5EE648F643850E5AB53EB1E9.1_cid294?__blob=publicationFile\">Arabisch<\/a><br>\n<br>\n<br>\n<a href=\"http:\/\/www.bamf.de\/SharedDocs\/Anlagen\/DE\/Publikationen\/Flyer\/Lernen-Sie-Deutsch\/lernen-sie-deutsch_fa.pdf?__blob=publicationFile\">Persisch<\/a>\n<FONT COLOR=\"white\">---------12345678910<a href=\"http:\/\/www.bamf.de\/SharedDocs\/Anlagen\/DE\/Downloads\/Infothek\/Integrationskurse\/Kursteilnehmer\/Merkblaetter\/630-121_merkblatt-oeffnung-Integrationskurse_kurdisch-kurmanci.pdf;jsessionid=FF1BFC6F5EE648F643850E5AB53EB1E9.1_cid294?__blob=publicationFile\">Kurdisch-Kurmanci<\/a>\n<FONT COLOR=\"white\">--1234567<a href=\"http:\/\/www.bamf.de\/SharedDocs\/Anlagen\/DE\/Downloads\/Infothek\/Integrationskurse\/Kursteilnehmer\/Merkblaetter\/630-121_merkblatt-oeffnung-Integrationskurse_farsi.pdf;jsessionid=FF1BFC6F5EE648F643850E5AB53EB1E9.1_cid294?__blob=publicationFile\">Farsi<\/a>\n<FONT COLOR=\"white\">---------12345678910111213<a href=\"http:\/\/www.bamf.de\/SharedDocs\/Anlagen\/DE\/Downloads\/Infothek\/Integrationskurse\/Kursteilnehmer\/Merkblaetter\/630-121_merkblatt-oeffnung-Integrationskurse_tigrinya.pdf;jsessionid=FF1BFC6F5EE648F643850E5AB53EB1E9.1_cid294?__blob=publicationFile\">Tigrinya<\/a><\/p><\/div><\/div><\/div><\/div><\/div><\/div><\/div>","protected":false},"excerpt":{"rendered":"<p>Integrationskurse werden \u00fcber unseren Tr\u00e4ger\u00a0Fusion Bildung e.V. angeboten<\/p>\n","protected":false},"author":3,"featured_media":0,"parent":0,"menu_order":0,"comment_status":"closed","ping_status":"closed","template":"","meta":{"footnotes":""},"class_list":["post-5534","page","type-page","status-publish","hentry"],"yoast_head":"<!-- This site is optimized with the Yoast SEO plugin v19.9 - https:\/\/yoast.com\/wordpress\/plugins\/seo\/ -->\n<title>Integration courses - SprachAcademy<\/title>\n<meta name=\"robots\" content=\"index, follow, max-snippet:-1, max-image-preview:large, max-video-preview:-1\" \/>\n<link rel=\"canonical\" href=\"https:\/\/sprachacademy.de\/en\/integration-courses\/\" \/>\n<meta property=\"og:locale\" content=\"en_US\" \/>\n<meta property=\"og:type\" content=\"article\" \/>\n<meta property=\"og:title\" content=\"Integration courses - SprachAcademy\" \/>\n<meta property=\"og:description\" content=\"Integrationskurse werden \u00fcber unseren Tr\u00e4ger\u00a0Fusion Bildung e.V. angeboten\" \/>\n<meta property=\"og:url\" content=\"https:\/\/sprachacademy.de\/en\/integration-courses\/\" \/>\n<meta property=\"og:site_name\" content=\"SprachAcademy\" \/>\n<meta property=\"article:publisher\" content=\"https:\/\/www.facebook.com\/sprachacademyberlin\" \/>\n<meta property=\"article:modified_time\" content=\"2018-01-02T11:49:33+00:00\" \/>\n<meta name=\"twitter:card\" content=\"summary_large_image\" \/>\n<script type=\"application\/ld+json\" class=\"yoast-schema-graph\">{\"@context\":\"https:\/\/schema.org\",\"@graph\":[{\"@type\":\"WebPage\",\"@id\":\"https:\/\/sprachacademy.de\/en\/integration-courses\/\",\"url\":\"https:\/\/sprachacademy.de\/en\/integration-courses\/\",\"name\":\"Integration courses - SprachAcademy\",\"isPartOf\":{\"@id\":\"https:\/\/sprachacademy.de\/en\/#website\"},\"datePublished\":\"2017-01-20T13:25:58+00:00\",\"dateModified\":\"2018-01-02T11:49:33+00:00\",\"breadcrumb\":{\"@id\":\"https:\/\/sprachacademy.de\/en\/integration-courses\/#breadcrumb\"},\"inLanguage\":\"en-US\",\"potentialAction\":[{\"@type\":\"ReadAction\",\"target\":[\"https:\/\/sprachacademy.de\/en\/integration-courses\/\"]}]},{\"@type\":\"BreadcrumbList\",\"@id\":\"https:\/\/sprachacademy.de\/en\/integration-courses\/#breadcrumb\",\"itemListElement\":[{\"@type\":\"ListItem\",\"position\":1,\"name\":\"Startseite\",\"item\":\"https:\/\/sprachacademy.de\/en\/\"},{\"@type\":\"ListItem\",\"position\":2,\"name\":\"Integration courses\"}]},{\"@type\":\"WebSite\",\"@id\":\"https:\/\/sprachacademy.de\/en\/#website\",\"url\":\"https:\/\/sprachacademy.de\/en\/\",\"name\":\"SprachAcademy\",\"description\":\"\",\"potentialAction\":[{\"@type\":\"SearchAction\",\"target\":{\"@type\":\"EntryPoint\",\"urlTemplate\":\"https:\/\/sprachacademy.de\/en\/?s={search_term_string}\"},\"query-input\":\"required name=search_term_string\"}],\"inLanguage\":\"en-US\"}]}<\/script>\n<!-- \/ Yoast SEO plugin. -->","yoast_head_json":{"title":"Integration courses - SprachAcademy","robots":{"index":"index","follow":"follow","max-snippet":"max-snippet:-1","max-image-preview":"max-image-preview:large","max-video-preview":"max-video-preview:-1"},"canonical":"https:\/\/sprachacademy.de\/en\/integration-courses\/","og_locale":"en_US","og_type":"article","og_title":"Integration courses - SprachAcademy","og_description":"Integrationskurse werden \u00fcber unseren Tr\u00e4ger\u00a0Fusion Bildung e.V. angeboten","og_url":"https:\/\/sprachacademy.de\/en\/integration-courses\/","og_site_name":"SprachAcademy","article_publisher":"https:\/\/www.facebook.com\/sprachacademyberlin","article_modified_time":"2018-01-02T11:49:33+00:00","twitter_card":"summary_large_image","schema":{"@context":"https:\/\/schema.org","@graph":[{"@type":"WebPage","@id":"https:\/\/sprachacademy.de\/en\/integration-courses\/","url":"https:\/\/sprachacademy.de\/en\/integration-courses\/","name":"Integration courses - SprachAcademy","isPartOf":{"@id":"https:\/\/sprachacademy.de\/en\/#website"},"datePublished":"2017-01-20T13:25:58+00:00","dateModified":"2018-01-02T11:49:33+00:00","breadcrumb":{"@id":"https:\/\/sprachacademy.de\/en\/integration-courses\/#breadcrumb"},"inLanguage":"en-US","potentialAction":[{"@type":"ReadAction","target":["https:\/\/sprachacademy.de\/en\/integration-courses\/"]}]},{"@type":"BreadcrumbList","@id":"https:\/\/sprachacademy.de\/en\/integration-courses\/#breadcrumb","itemListElement":[{"@type":"ListItem","position":1,"name":"Startseite","item":"https:\/\/sprachacademy.de\/en\/"},{"@type":"ListItem","position":2,"name":"Integration courses"}]},{"@type":"WebSite","@id":"https:\/\/sprachacademy.de\/en\/#website","url":"https:\/\/sprachacademy.de\/en\/","name":"SprachAcademy","description":"","potentialAction":[{"@type":"SearchAction","target":{"@type":"EntryPoint","urlTemplate":"https:\/\/sprachacademy.de\/en\/?s={search_term_string}"},"query-input":"required name=search_term_string"}],"inLanguage":"en-US"}]}},"_links":{"self":[{"href":"https:\/\/sprachacademy.de\/en\/wp-json\/wp\/v2\/pages\/5534","targetHints":{"allow":["GET"]}}],"collection":[{"href":"https:\/\/sprachacademy.de\/en\/wp-json\/wp\/v2\/pages"}],"about":[{"href":"https:\/\/sprachacademy.de\/en\/wp-json\/wp\/v2\/types\/page"}],"author":[{"embeddable":true,"href":"https:\/\/sprachacademy.de\/en\/wp-json\/wp\/v2\/users\/3"}],"replies":[{"embeddable":true,"href":"https:\/\/sprachacademy.de\/en\/wp-json\/wp\/v2\/comments?post=5534"}],"version-history":[{"count":10,"href":"https:\/\/sprachacademy.de\/en\/wp-json\/wp\/v2\/pages\/5534\/revisions"}],"predecessor-version":[{"id":6558,"href":"https:\/\/sprachacademy.de\/en\/wp-json\/wp\/v2\/pages\/5534\/revisions\/6558"}],"wp:attachment":[{"href":"https:\/\/sprachacademy.de\/en\/wp-json\/wp\/v2\/media?parent=5534"}],"curies":[{"name":"wp","href":"https:\/\/api.w.org\/{rel}","templated":true}]}}